{"id":1561,"date":"2024-10-11T04:06:52","date_gmt":"2024-10-11T04:06:52","guid":{"rendered":"https:\/\/codesaltda.cl\/?page_id=1561"},"modified":"2024-10-11T04:24:06","modified_gmt":"2024-10-11T04:24:06","slug":"agenda-tu-cita-2","status":"publish","type":"page","link":"https:\/\/codesaltda.cl\/?page_id=1561","title":{"rendered":"Agenda tu Cita"},"content":{"rendered":"\t\t<div data-elementor-type=\"wp-page\" data-elementor-id=\"1561\" class=\"elementor elementor-1561\">\n\t\t\t\t\t\t<section class=\"elementor-section elementor-top-section elementor-element elementor-element-ce14fce elementor-section-full_width elementor-section-height-min-height elementor-section-height-default elementor-section-items-middle\" data-id=\"ce14fce\" data-element_type=\"section\" data-settings=\"{&quot;background_background&quot;:&quot;classic&quot;}\">\n\t\t\t\t\t\t\t<div class=\"elementor-background-overlay\"><\/div>\n\t\t\t\t\t\t\t<div class=\"elementor-container elementor-column-gap-default\">\n\t\t\t\t\t<div class=\"elementor-column elementor-col-100 elementor-top-column elementor-element elementor-element-65e27ad\" data-id=\"65e27ad\" data-element_type=\"column\">\n\t\t\t<div class=\"elementor-widget-wrap elementor-element-populated\">\n\t\t\t\t\t\t<div class=\"elementor-element elementor-element-483e372 elementor-widget elementor-widget-heading\" data-id=\"483e372\" data-element_type=\"widget\" data-widget_type=\"heading.default\">\n\t\t\t\t<div class=\"elementor-widget-container\">\n\t\t\t<h2 class=\"elementor-heading-title elementor-size-default\">Agenda Tu Cita Virtual<\/h2>\t\t<\/div>\n\t\t\t\t<\/div>\n\t\t\t\t\t<\/div>\n\t\t<\/div>\n\t\t\t\t\t<\/div>\n\t\t<\/section>\n\t\t\t\t<section class=\"elementor-section elementor-top-section elementor-element elementor-element-f294a7e elementor-section-boxed elementor-section-height-default elementor-section-height-default\" data-id=\"f294a7e\" data-element_type=\"section\">\n\t\t\t\t\t\t<div class=\"elementor-container elementor-column-gap-default\">\n\t\t\t\t\t<div class=\"elementor-column elementor-col-100 elementor-top-column elementor-element elementor-element-2b0b8dd\" data-id=\"2b0b8dd\" data-element_type=\"column\">\n\t\t\t<div class=\"elementor-widget-wrap elementor-element-populated\">\n\t\t\t\t\t\t<div class=\"elementor-element elementor-element-4bb7524 elementor-widget elementor-widget-spacer\" data-id=\"4bb7524\" data-element_type=\"widget\" data-widget_type=\"spacer.default\">\n\t\t\t\t<div class=\"elementor-widget-container\">\n\t\t\t\t\t<div class=\"elementor-spacer\">\n\t\t\t<div class=\"elementor-spacer-inner\"><\/div>\n\t\t<\/div>\n\t\t\t\t<\/div>\n\t\t\t\t<\/div>\n\t\t\t\t\t<\/div>\n\t\t<\/div>\n\t\t\t\t\t<\/div>\n\t\t<\/section>\n\t\t\t\t<section class=\"elementor-section elementor-top-section elementor-element elementor-element-440c51c elementor-section-boxed elementor-section-height-default elementor-section-height-default\" data-id=\"440c51c\" data-element_type=\"section\">\n\t\t\t\t\t\t<div class=\"elementor-container elementor-column-gap-default\">\n\t\t\t\t\t<div class=\"elementor-column elementor-col-50 elementor-top-column elementor-element elementor-element-f905d49\" data-id=\"f905d49\" data-element_type=\"column\">\n\t\t\t<div class=\"elementor-widget-wrap elementor-element-populated\">\n\t\t\t\t\t\t<div class=\"elementor-element elementor-element-16b9f63 elementor-widget elementor-widget-image\" data-id=\"16b9f63\" data-element_type=\"widget\" data-widget_type=\"image.default\">\n\t\t\t\t<div class=\"elementor-widget-container\">\n\t\t\t\t\t\t\t\t\t\t\t\t\t<img fetchpriority=\"high\" decoding=\"async\" width=\"640\" height=\"640\" src=\"https:\/\/i0.wp.com\/codesaltda.cl\/wp-content\/uploads\/2022\/08\/33920-working-server-animation.gif?fit=640%2C640&amp;ssl=1\" class=\"attachment-large size-large wp-image-1197\" alt=\"\" \/>\t\t\t\t\t\t\t\t\t\t\t\t\t<\/div>\n\t\t\t\t<\/div>\n\t\t\t\t\t<\/div>\n\t\t<\/div>\n\t\t\t\t<div class=\"elementor-column elementor-col-50 elementor-top-column elementor-element elementor-element-e9b1437\" data-id=\"e9b1437\" data-element_type=\"column\">\n\t\t\t<div class=\"elementor-widget-wrap elementor-element-populated\">\n\t\t\t\t\t\t<div class=\"elementor-element elementor-element-6d280d0 elementor-widget elementor-widget-heading\" data-id=\"6d280d0\" data-element_type=\"widget\" data-widget_type=\"heading.default\">\n\t\t\t\t<div class=\"elementor-widget-container\">\n\t\t\t<h1 class=\"elementor-heading-title elementor-size-default\">Agenda con nosotros y salta al futuro de tu negocio con Codesa<\/h1>\t\t<\/div>\n\t\t\t\t<\/div>\n\t\t\t\t<div class=\"elementor-element elementor-element-bdd9adf elementor-widget elementor-widget-spacer\" data-id=\"bdd9adf\" data-element_type=\"widget\" data-widget_type=\"spacer.default\">\n\t\t\t\t<div class=\"elementor-widget-container\">\n\t\t\t\t\t<div class=\"elementor-spacer\">\n\t\t\t<div class=\"elementor-spacer-inner\"><\/div>\n\t\t<\/div>\n\t\t\t\t<\/div>\n\t\t\t\t<\/div>\n\t\t\t\t<div class=\"elementor-element elementor-element-cb4bba9 elementor-widget elementor-widget-shortcode\" data-id=\"cb4bba9\" data-element_type=\"widget\" data-widget_type=\"shortcode.default\">\n\t\t\t\t<div class=\"elementor-widget-container\">\n\t\t\t\t\t<div class=\"elementor-shortcode\"><div class=\"everest-forms\"><div class=\"evf-container default\" id=\"evf-1202\"><form id=\"evf-form-1202\" class=\"everest-form\" data-formid=\"1202\" data-ajax_submission=\"0\" data-keyboard_friendly_form=\"0\" method=\"post\" enctype=\"multipart\/form-data\" action=\"\/index.php?rest_route=%2Fwp%2Fv2%2Fpages%2F1561\">\n\t\t<div class=\"la-sentinelle-container\" style=\"max-height:0;overflow:hidden;\">\n\t\t\n\t\t<input value=\"\" type=\"text\" name=\"la_sentinelle_06786fff43c0cf3809a8cbefd07b5081\" class=\"la_sentinelle_06786fff43c0cf3809a8cbefd07b5081\" id=\"la_sentinelle_06786fff43c0cf3809a8cbefd07b5081-1\" placeholder=\"\" style=\"transform: translateY(10000px);\" \/>\n\t\t\n\t\t\t<input value=\"70285\" type=\"text\" name=\"la_sentinelle_8527e0c89a07083333aff53b5ffa7c5b\" class=\"la_sentinelle_8527e0c89a07083333aff53b5ffa7c5b\" id=\"la_sentinelle_8527e0c89a07083333aff53b5ffa7c5b-1\" placeholder=\"\" style=\"transform: translateY(10000px);\" \/>\n\t\t\t<input value=\"70285\" type=\"text\" name=\"la_sentinelle_868d10b4fac0ca82c9a71a94e19fe0ed\" class=\"la_sentinelle_868d10b4fac0ca82c9a71a94e19fe0ed\" id=\"la_sentinelle_868d10b4fac0ca82c9a71a94e19fe0ed-1\" placeholder=\"\" style=\"transform: translateY(10000px);\" \/>\n\t\t\t<input type=\"text\" class=\"la_sentinelle_b9d496cd4709d5d8eb63e0c0283f3e2c\" id=\"la_sentinelle_b9d496cd4709d5d8eb63e0c0283f3e2c-1\" name=\"la_sentinelle_b9d496cd4709d5d8eb63e0c0283f3e2c\" value=\"164294dbe4\" style=\"transform: translateY(10000px);\" \/>\n\t\t\n\t\t<input value=\"90\" type=\"text\" name=\"la_sentinelle_b0ef619057c56f0090e3701ebec15910\" class=\"la_sentinelle_b0ef619057c56f0090e3701ebec15910\" id=\"la_sentinelle_b0ef619057c56f0090e3701ebec15910-1\" placeholder=\"\" style=\"transform: translateY(10000px);\" \/>\n\t\t<input value=\"\" type=\"text\" name=\"la_sentinelle_f5af6c72029ee715a5ededa99ba70d35\" class=\"la_sentinelle_f5af6c72029ee715a5ededa99ba70d35\" id=\"la_sentinelle_f5af6c72029ee715a5ededa99ba70d35-1\" placeholder=\"\" style=\"transform: translateY(10000px);\" \/>\n\t\t<input value=\"MjE2LjczLjIxNi40NA==\" type=\"text\" name=\"la_sentinelle_34b43531bd91677491805c0bf99ee23e\" class=\"la_sentinelle_34b43531bd91677491805c0bf99ee23e\" id=\"la_sentinelle_34b43531bd91677491805c0bf99ee23e-1\" placeholder=\"\" style=\"transform: translateY(10000px);\" \/>\n\t\n\t\t<input value=\"90\" type=\"text\" name=\"la_sentinelle_01d236bd1a149c5ba20ed42852002cc9\" class=\"la_sentinelle_01d236bd1a149c5ba20ed42852002cc9\" id=\"la_sentinelle_01d236bd1a149c5ba20ed42852002cc9-1\" placeholder=\"\" style=\"transform: translateY(10000px);\" \/>\n\t\t\n\t\t<input value=\"90\" type=\"text\" name=\"la_sentinelle_5c95bb9440634c73f61578177229ae92\" class=\"la_sentinelle_5c95bb9440634c73f61578177229ae92\" id=\"la_sentinelle_5c95bb9440634c73f61578177229ae92-1\" placeholder=\"\" style=\"transform: translateY(10000px);\" \/>\n\t\t<input value=\"MjE2LjczLjIxNi40NA==\" type=\"text\" name=\"la_sentinelle_537824e6db04aeb37204b0d9c1de8ee9\" class=\"la_sentinelle_537824e6db04aeb37204b0d9c1de8ee9\" id=\"la_sentinelle_537824e6db04aeb37204b0d9c1de8ee9-1\" placeholder=\"\" style=\"transform: translateY(10000px);\" \/>\n\t\n\t\t<\/div>\n\t\t<div class=\"la-sentinelle-container-nojs-message\">\n\t\t\t<noscript><div class=\"no-js\">Warning: This form can only be used if JavaScript is enabled in your browser.<\/div><\/noscript>\n\t\t<\/div>\n\t\t<div class=\"evf-field-container\"><input type=\"hidden\" id=\"_wpnonce1202\" name=\"_wpnonce1202\" value=\"df76ce578e\" \/><input type=\"hidden\" name=\"_wp_http_referer\" value=\"\/index.php?rest_route=%2Fwp%2Fv2%2Fpages%2F1561\" \/><div class=\"evf-frontend-row\" data-row=\"row_1\" conditional_rules=\"[]\"><div class=\"evf-frontend-grid evf-grid-2\" data-grid=\"grid_1\"><div id=\"evf-1202-field_om07mQZVrQ-1-container\" class=\"evf-field evf-field-text form-row validate-required\" data-required-field-message=\"This field is required.\" data-field-id=\"om07mQZVrQ-1\"><label class=\"evf-field-label\" for=\"evf-1202-field_om07mQZVrQ-1\"><span class=\"evf-label\">Email<\/span> <abbr class=\"required\" title=\"Required\">*<\/abbr><\/label><input type=\"text\" id=\"evf-1202-field_om07mQZVrQ-1\" class=\"input-text\" name=\"everest_forms[form_fields][om07mQZVrQ-1]\" required><\/div><\/div><div class=\"evf-frontend-grid evf-grid-2\" data-grid=\"grid_2\"><div id=\"evf-1202-field_MPnJzuODBd-2-container\" class=\"evf-field evf-field-date-time form-row validate-required\" data-required-field-message=\"This field is required.\" data-field-id=\"MPnJzuODBd-2\"><label class=\"evf-field-label\" for=\"evf-1202-field_MPnJzuODBd-2\"><span class=\"evf-label\">Fecha<\/span> <abbr class=\"required\" title=\"Required\">*<\/abbr><\/label><input type=\"text\" id=\"evf-1202-field_MPnJzuODBd-2\" class=\"flatpickr-field input-text\" name=\"everest_forms[form_fields][MPnJzuODBd-2]\" data-time-interval=\"15\" data-date-time=\"date\" data-mode=\"single\" data-locale=\"en\" data-date-format=\"Y-m-d\" required ><\/div><\/div><\/div><\/div><div class=\"evf-honeypot-container evf-field-hp\"><label for=\"evf-1202-field-hp\" class=\"evf-field-label\">Name<\/label><input type=\"text\" name=\"everest_forms[hp]\" id=\"evf-1202-field-hp\" class=\"input-text\"><\/div><div class=\"evf-recaptcha-container \" style=\"display:block\"><div class=\"g-recaptcha\" data-sitekey=\"6LfUHlwhAAAAAMgD7WkdARrcwZ4Iw1DqAnlLPHhR\"><\/div><\/div><div class=\"evf-submit-container \" ><input type=\"hidden\" name=\"everest_forms[id]\" value=\"1202\"><input type=\"hidden\" name=\"everest_forms[author]\" value=\"1\"><button type='submit' name='everest_forms[submit]' class='everest-forms-submit-button button evf-submit ' id='evf-submit-1202' value='evf-submit' data-process-text=\"Procesando...\" conditional_rules='&quot;&quot;' conditional_id='evf-submit-1202'  id=\"evf-submit-1202\" aria-live=\"assertive\">CONT\u00c1CTANOS!<\/button><\/div><\/form><\/div><!-- .evf-container --><\/div><\/div>\n\t\t\t\t<\/div>\n\t\t\t\t<\/div>\n\t\t\t\t\t<\/div>\n\t\t<\/div>\n\t\t\t\t\t<\/div>\n\t\t<\/section>\n\t\t\t\t<section class=\"elementor-section elementor-top-section elementor-element elementor-element-a91606e elementor-section-boxed elementor-section-height-default elementor-section-height-default\" data-id=\"a91606e\" data-element_type=\"section\">\n\t\t\t\t\t\t<div class=\"elementor-container elementor-column-gap-default\">\n\t\t\t\t\t<div class=\"elementor-column elementor-col-100 elementor-top-column elementor-element elementor-element-c81d14a\" data-id=\"c81d14a\" data-element_type=\"column\">\n\t\t\t<div class=\"elementor-widget-wrap elementor-element-populated\">\n\t\t\t\t\t\t<div class=\"elementor-element elementor-element-632ea1d elementor-widget elementor-widget-heading\" data-id=\"632ea1d\" data-element_type=\"widget\" data-widget_type=\"heading.default\">\n\t\t\t\t<div class=\"elementor-widget-container\">\n\t\t\t<h1 class=\"elementor-heading-title elementor-size-default\">Tambi\u00e9n puedes agenda por nuestro calendario<\/h1>\t\t<\/div>\n\t\t\t\t<\/div>\n\t\t\t\t<div class=\"elementor-element elementor-element-d0cee90 elementor-widget elementor-widget-html\" data-id=\"d0cee90\" data-element_type=\"widget\" data-widget_type=\"html.default\">\n\t\t\t\t<div class=\"elementor-widget-container\">\n\t\t\t<!-- Principio del widget integrado de Calendly -->\r\n<div class=\"calendly-inline-widget\" data-url=\"https:\/\/calendly.com\/codesa\/60min\" style=\"min-width:320px;height:630px;\"><\/div>\r\n<script type=\"text\/javascript\" src=\"https:\/\/assets.calendly.com\/assets\/external\/widget.js\" async><\/script>\r\n<!-- Final del widget integrado de Calendly -->\t\t<\/div>\n\t\t\t\t<\/div>\n\t\t\t\t\t<\/div>\n\t\t<\/div>\n\t\t\t\t\t<\/div>\n\t\t<\/section>\n\t\t\t\t<section class=\"elementor-section elementor-top-section elementor-element elementor-element-df9fedc elementor-section-boxed elementor-section-height-default elementor-section-height-default\" data-id=\"df9fedc\" data-element_type=\"section\">\n\t\t\t\t\t\t<div class=\"elementor-container elementor-column-gap-default\">\n\t\t\t\t\t<div class=\"elementor-column elementor-col-100 elementor-top-column elementor-element elementor-element-3761ccc\" data-id=\"3761ccc\" data-element_type=\"column\">\n\t\t\t<div class=\"elementor-widget-wrap elementor-element-populated\">\n\t\t\t\t\t\t<div class=\"elementor-element elementor-element-49e5ba9 elementor-widget elementor-widget-spacer\" data-id=\"49e5ba9\" data-element_type=\"widget\" data-widget_type=\"spacer.default\">\n\t\t\t\t<div class=\"elementor-widget-container\">\n\t\t\t\t\t<div class=\"elementor-spacer\">\n\t\t\t<div class=\"elementor-spacer-inner\"><\/div>\n\t\t<\/div>\n\t\t\t\t<\/div>\n\t\t\t\t<\/div>\n\t\t\t\t\t<\/div>\n\t\t<\/div>\n\t\t\t\t\t<\/div>\n\t\t<\/section>\n\t\t\t\t<section class=\"elementor-section elementor-top-section elementor-element elementor-element-b23b35b elementor-section-boxed elementor-section-height-default elementor-section-height-default\" data-id=\"b23b35b\" data-element_type=\"section\">\n\t\t\t\t\t\t<div class=\"elementor-container elementor-column-gap-default\">\n\t\t\t\t\t<div class=\"elementor-column elementor-col-50 elementor-top-column elementor-element elementor-element-dba866c\" data-id=\"dba866c\" data-element_type=\"column\">\n\t\t\t<div class=\"elementor-widget-wrap elementor-element-populated\">\n\t\t\t\t\t\t<div class=\"elementor-element elementor-element-5511edf elementor-widget elementor-widget-text-editor\" data-id=\"5511edf\" data-element_type=\"widget\" data-widget_type=\"text-editor.default\">\n\t\t\t\t<div class=\"elementor-widget-container\">\n\t\t\t\t\t\t\t<p><b>Con CODESA, lleva el control de tu negocio a donde vayas.<\/b><b><\/b><\/p><p>Administra todo desde cualquier lugar y dispositivo m\u00f3vil, solo necesitas conexi\u00f3n a internet. La soluci\u00f3n perfecta para adaptarte a los desaf\u00edos de los nuevos tiempos. \u00a1Gestiona tu estaci\u00f3n de servicio de manera eficiente y sin l\u00edmites geogr\u00e1ficos!<\/p>\t\t\t\t\t\t<\/div>\n\t\t\t\t<\/div>\n\t\t\t\t\t<\/div>\n\t\t<\/div>\n\t\t\t\t<div class=\"elementor-column elementor-col-50 elementor-top-column elementor-element elementor-element-1fe930d\" data-id=\"1fe930d\" data-element_type=\"column\">\n\t\t\t<div class=\"elementor-widget-wrap elementor-element-populated\">\n\t\t\t\t\t\t<div class=\"elementor-element elementor-element-25dc86d elementor-widget elementor-widget-image\" data-id=\"25dc86d\" data-element_type=\"widget\" data-widget_type=\"image.default\">\n\t\t\t\t<div class=\"elementor-widget-container\">\n\t\t\t\t\t\t\t\t\t\t\t\t\t<img decoding=\"async\" width=\"347\" height=\"257\" src=\"https:\/\/i0.wp.com\/codesaltda.cl\/wp-content\/uploads\/2022\/08\/imagen-pegada-347-1.webp?fit=347%2C257&amp;ssl=1\" class=\"attachment-large size-large wp-image-1212\" alt=\"\" srcset=\"https:\/\/i0.wp.com\/codesaltda.cl\/wp-content\/uploads\/2022\/08\/imagen-pegada-347-1.webp?w=347&amp;ssl=1 347w, https:\/\/i0.wp.com\/codesaltda.cl\/wp-content\/uploads\/2022\/08\/imagen-pegada-347-1.webp?resize=300%2C222&amp;ssl=1 300w\" sizes=\"(max-width: 347px) 100vw, 347px\" \/>\t\t\t\t\t\t\t\t\t\t\t\t\t<\/div>\n\t\t\t\t<\/div>\n\t\t\t\t\t<\/div>\n\t\t<\/div>\n\t\t\t\t\t<\/div>\n\t\t<\/section>\n\t\t\t\t<\/div>\n\t\t","protected":false},"excerpt":{"rendered":"<p>Agenda Tu Cita Virtual Agenda con nosotros y salta al futuro de tu negocio con Codesa Tambi\u00e9n puedes agenda por nuestro calendario Con CODESA, lleva el control de tu negocio a donde vayas. Administra todo desde cualquier lugar y dispositivo m\u00f3vil, solo necesitas conexi\u00f3n a internet. La soluci\u00f3n perfecta para adaptarte a los desaf\u00edos de [&hellip;]<\/p>\n","protected":false},"author":1,"featured_media":0,"parent":0,"menu_order":0,"comment_status":"closed","ping_status":"closed","template":"page-templates\/pagebuilder.php","meta":{"zakra_sidebar_layout":"customizer","zakra_remove_content_margin":false,"zakra_sidebar":"customizer","zakra_transparent_header":"1","zakra_logo":0,"zakra_main_header_style":"default","zakra_menu_item_color":"","zakra_menu_item_hover_color":"","zakra_menu_item_active_color":"","zakra_menu_active_style":"zakra_menu_active_style","zakra_page_header":true,"footnotes":""},"class_list":["post-1561","page","type-page","status-publish","hentry"],"jetpack_sharing_enabled":true,"_links":{"self":[{"href":"https:\/\/codesaltda.cl\/index.php?rest_route=\/wp\/v2\/pages\/1561"}],"collection":[{"href":"https:\/\/codesaltda.cl\/index.php?rest_route=\/wp\/v2\/pages"}],"about":[{"href":"https:\/\/codesaltda.cl\/index.php?rest_route=\/wp\/v2\/types\/page"}],"author":[{"embeddable":true,"href":"https:\/\/codesaltda.cl\/index.php?rest_route=\/wp\/v2\/users\/1"}],"replies":[{"embeddable":true,"href":"https:\/\/codesaltda.cl\/index.php?rest_route=%2Fwp%2Fv2%2Fcomments&post=1561"}],"version-history":[{"count":12,"href":"https:\/\/codesaltda.cl\/index.php?rest_route=\/wp\/v2\/pages\/1561\/revisions"}],"predecessor-version":[{"id":1589,"href":"https:\/\/codesaltda.cl\/index.php?rest_route=\/wp\/v2\/pages\/1561\/revisions\/1589"}],"wp:attachment":[{"href":"https:\/\/codesaltda.cl\/index.php?rest_route=%2Fwp%2Fv2%2Fmedia&parent=1561"}],"curies":[{"name":"wp","href":"https:\/\/api.w.org\/{rel}","templated":true}]}}